{"id":2757,"date":"2025-05-26T10:37:20","date_gmt":"2025-05-26T13:37:20","guid":{"rendered":"https:\/\/oticauba.com.br\/?post_type=product&#038;p=2757"},"modified":"2025-05-26T10:37:20","modified_gmt":"2025-05-26T13:37:20","slug":"solar-michael-kors-2205-300587","status":"publish","type":"product","link":"https:\/\/oticauba.com.br\/?product=solar-michael-kors-2205-300587","title":{"rendered":"SOLAR MICHAEL KORS 2205 300587"},"content":{"rendered":"<p>Os \u00f3culos de sol Michael Kors Montecito MK2205 na cor 300587 s\u00e3o uma escolha elegante para quem busca sofistica\u00e7\u00e3o e estilo. Este modelo apresenta um design cat-eye com arma\u00e7\u00e3o preta em acetato e lentes cinza-escuras s\u00f3lidas, oferecendo 100% de prote\u00e7\u00e3o UV.<\/p>\n<p>Detalhes do Modelo:<\/p>\n<p>Modelo: MK2205 Montecito<\/p>\n<p>Cor: 300587 (arma\u00e7\u00e3o preta com lentes cinza-escuras)<\/p>\n<p>Formato: Cat-eye<\/p>\n<p>Material da Arma\u00e7\u00e3o: Acetato<\/p>\n<p>Lentes: Cinza-escuras s\u00f3lidas<\/p>\n<p>Prote\u00e7\u00e3o UV: 100%<\/p>\n<p>G\u00eanero: Feminino<\/p>\n","protected":false},"excerpt":{"rendered":"<p>Os \u00f3culos de sol Michael Kors Montecito MK2205 na cor 300587 s\u00e3o uma escolha elegante para quem busca sofistica\u00e7\u00e3o e [&hellip;]<\/p>\n","protected":false},"featured_media":2759,"comment_status":"open","ping_status":"closed","template":"","meta":{"site-sidebar-layout":"default","site-content-layout":"","ast-site-content-layout":"default","site-content-style":"default","site-sidebar-style":"default","ast-global-header-display":"","ast-banner-title-visibility":"","ast-main-header-display":"","ast-hfb-above-header-display":"","ast-hfb-below-header-display":"","ast-hfb-mobile-header-display":"","site-post-title":"","ast-breadcrumbs-content":"","ast-featured-img":"","footer-sml-layout":"","theme-transparent-header-meta":"","adv-header-id-meta":"","stick-header-meta":"","header-above-stick-meta":"","header-main-stick-meta":"","header-below-stick-meta":"","astra-migrate-meta-layouts":"default","ast-page-background-enabled":"default","ast-page-background-meta":{"desktop":{"background-color":"var(--ast-global-color-4)","background-image":"","background-repeat":"repeat","background-position":"center center","background-size":"auto","background-attachment":"scroll","background-type":"","background-media":"","overlay-type":"","overlay-color":"","overlay-opacity":"","overlay-gradient":""},"tablet":{"background-color":"","background-image":"","background-repeat":"repeat","background-position":"center center","background-size":"auto","background-attachment":"scroll","background-type":"","background-media":"","overlay-type":"","overlay-color":"","overlay-opacity":"","overlay-gradient":""},"mobile":{"background-color":"","background-image":"","background-repeat":"repeat","background-position":"center center","background-size":"auto","background-attachment":"scroll","background-type":"","background-media":"","overlay-type":"","overlay-color":"","overlay-opacity":"","overlay-gradient":""}},"ast-content-background-meta":{"desktop":{"background-color":"var(--ast-global-color-5)","background-image":"","background-repeat":"repeat","background-position":"center center","background-size":"auto","background-attachment":"scroll","background-type":"","background-media":"","overlay-type":"","overlay-color":"","overlay-opacity":"","overlay-gradient":""},"tablet":{"background-color":"var(--ast-global-color-5)","background-image":"","background-repeat":"repeat","background-position":"center center","background-size":"auto","background-attachment":"scroll","background-type":"","background-media":"","overlay-type":"","overlay-color":"","overlay-opacity":"","overlay-gradient":""},"mobile":{"background-color":"var(--ast-global-color-5)","background-image":"","background-repeat":"repeat","background-position":"center center","background-size":"auto","background-attachment":"scroll","background-type":"","background-media":"","overlay-type":"","overlay-color":"","overlay-opacity":"","overlay-gradient":""}}},"product_brand":[],"product_cat":[54,40],"product_tag":[],"class_list":{"0":"post-2757","1":"product","2":"type-product","3":"status-publish","4":"has-post-thumbnail","6":"product_cat-feminino","7":"product_cat-michaelkors","8":"desktop-align-left","9":"tablet-align-left","10":"mobile-align-left","12":"first","13":"instock","14":"taxable","15":"shipping-taxable","16":"purchasable","17":"product-type-simple"},"_links":{"self":[{"href":"https:\/\/oticauba.com.br\/index.php?rest_route=\/wp\/v2\/product\/2757","targetHints":{"allow":["GET"]}}],"collection":[{"href":"https:\/\/oticauba.com.br\/index.php?rest_route=\/wp\/v2\/product"}],"about":[{"href":"https:\/\/oticauba.com.br\/index.php?rest_route=\/wp\/v2\/types\/product"}],"replies":[{"embeddable":true,"href":"https:\/\/oticauba.com.br\/index.php?rest_route=%2Fwp%2Fv2%2Fcomments&post=2757"}],"version-history":[{"count":1,"href":"https:\/\/oticauba.com.br\/index.php?rest_route=\/wp\/v2\/product\/2757\/revisions"}],"predecessor-version":[{"id":2761,"href":"https:\/\/oticauba.com.br\/index.php?rest_route=\/wp\/v2\/product\/2757\/revisions\/2761"}],"wp:featuredmedia":[{"embeddable":true,"href":"https:\/\/oticauba.com.br\/index.php?rest_route=\/wp\/v2\/media\/2759"}],"wp:attachment":[{"href":"https:\/\/oticauba.com.br\/index.php?rest_route=%2Fwp%2Fv2%2Fmedia&parent=2757"}],"wp:term":[{"taxonomy":"product_brand","embeddable":true,"href":"https:\/\/oticauba.com.br\/index.php?rest_route=%2Fwp%2Fv2%2Fproduct_brand&post=2757"},{"taxonomy":"product_cat","embeddable":true,"href":"https:\/\/oticauba.com.br\/index.php?rest_route=%2Fwp%2Fv2%2Fproduct_cat&post=2757"},{"taxonomy":"product_tag","embeddable":true,"href":"https:\/\/oticauba.com.br\/index.php?rest_route=%2Fwp%2Fv2%2Fproduct_tag&post=2757"}],"curies":[{"name":"wp","href":"https:\/\/api.w.org\/{rel}","templated":true}]}}