{"id":2769,"date":"2025-05-26T10:46:13","date_gmt":"2025-05-26T13:46:13","guid":{"rendered":"https:\/\/oticauba.com.br\/?post_type=product&#038;p=2769"},"modified":"2025-05-26T10:46:13","modified_gmt":"2025-05-26T13:46:13","slug":"solar-dolce-gabbana-4437-501-87","status":"publish","type":"product","link":"https:\/\/oticauba.com.br\/?product=solar-dolce-gabbana-4437-501-87","title":{"rendered":"SOLAR DOLCE &#038; GABBANA 4437 501\/87"},"content":{"rendered":"<p>Os \u00f3culos de sol Dolce &#038; Gabbana DG4437 501\/87 s\u00e3o uma escolha elegante e sofisticada, destacando-se pelo seu design em formato borboleta e acabamento em preto com detalhes dourados. Este modelo \u00e9 ideal para quem busca um acess\u00f3rio de moda que combine estilo cl\u00e1ssico com um toque moderno.<\/p>\n<p>\ud83d\udd76\ufe0f Detalhes do Modelo<br \/>\nMarca: Dolce &#038; Gabbana<\/p>\n<p>Modelo: DG4437 501\/87<\/p>\n<p>Formato: Borboleta (Butterfly)<\/p>\n<p>Cor da Arma\u00e7\u00e3o: Preto com detalhes dourados<\/p>\n<p>Cor das Lentes: Cinza escuro<\/p>\n<p>Material da Arma\u00e7\u00e3o: Acetato<\/p>\n<p>Prote\u00e7\u00e3o UV: 100% contra raios UVA e UVB (Categoria 3)<\/p>\n<p>Dimens\u00f5es:<\/p>\n<p>Largura da lente: 51 mm<\/p>\n<p>Ponte: 20 mm<\/p>\n<p>Haste: 145 mm<\/p>\n<p>Altura da lente: 44 mm<\/p>\n<p>Largura total da arma\u00e7\u00e3o: 137 mm<\/p>\n<p>G\u00eanero: Feminino<\/p>\n","protected":false},"excerpt":{"rendered":"<p>Os \u00f3culos de sol Dolce &#038; Gabbana DG4437 501\/87 s\u00e3o uma escolha elegante e sofisticada, destacando-se pelo seu design em [&hellip;]<\/p>\n","protected":false},"featured_media":2774,"comment_status":"open","ping_status":"closed","template":"","meta":{"site-sidebar-layout":"default","site-content-layout":"","ast-site-content-layout":"default","site-content-style":"default","site-sidebar-style":"default","ast-global-header-display":"","ast-banner-title-visibility":"","ast-main-header-display":"","ast-hfb-above-header-display":"","ast-hfb-below-header-display":"","ast-hfb-mobile-header-display":"","site-post-title":"","ast-breadcrumbs-content":"","ast-featured-img":"","footer-sml-layout":"","theme-transparent-header-meta":"","adv-header-id-meta":"","stick-header-meta":"","header-above-stick-meta":"","header-main-stick-meta":"","header-below-stick-meta":"","astra-migrate-meta-layouts":"default","ast-page-background-enabled":"default","ast-page-background-meta":{"desktop":{"background-color":"var(--ast-global-color-4)","background-image":"","background-repeat":"repeat","background-position":"center center","background-size":"auto","background-attachment":"scroll","background-type":"","background-media":"","overlay-type":"","overlay-color":"","overlay-opacity":"","overlay-gradient":""},"tablet":{"background-color":"","background-image":"","background-repeat":"repeat","background-position":"center center","background-size":"auto","background-attachment":"scroll","background-type":"","background-media":"","overlay-type":"","overlay-color":"","overlay-opacity":"","overlay-gradient":""},"mobile":{"background-color":"","background-image":"","background-repeat":"repeat","background-position":"center center","background-size":"auto","background-attachment":"scroll","background-type":"","background-media":"","overlay-type":"","overlay-color":"","overlay-opacity":"","overlay-gradient":""}},"ast-content-background-meta":{"desktop":{"background-color":"var(--ast-global-color-5)","background-image":"","background-repeat":"repeat","background-position":"center center","background-size":"auto","background-attachment":"scroll","background-type":"","background-media":"","overlay-type":"","overlay-color":"","overlay-opacity":"","overlay-gradient":""},"tablet":{"background-color":"var(--ast-global-color-5)","background-image":"","background-repeat":"repeat","background-position":"center center","background-size":"auto","background-attachment":"scroll","background-type":"","background-media":"","overlay-type":"","overlay-color":"","overlay-opacity":"","overlay-gradient":""},"mobile":{"background-color":"var(--ast-global-color-5)","background-image":"","background-repeat":"repeat","background-position":"center center","background-size":"auto","background-attachment":"scroll","background-type":"","background-media":"","overlay-type":"","overlay-color":"","overlay-opacity":"","overlay-gradient":""}}},"product_brand":[],"product_cat":[47,54],"product_tag":[],"class_list":{"0":"post-2769","1":"product","2":"type-product","3":"status-publish","4":"has-post-thumbnail","6":"product_cat-dolcegabbana","7":"product_cat-feminino","8":"desktop-align-left","9":"tablet-align-left","10":"mobile-align-left","12":"first","13":"instock","14":"taxable","15":"shipping-taxable","16":"purchasable","17":"product-type-simple"},"_links":{"self":[{"href":"https:\/\/oticauba.com.br\/index.php?rest_route=\/wp\/v2\/product\/2769","targetHints":{"allow":["GET"]}}],"collection":[{"href":"https:\/\/oticauba.com.br\/index.php?rest_route=\/wp\/v2\/product"}],"about":[{"href":"https:\/\/oticauba.com.br\/index.php?rest_route=\/wp\/v2\/types\/product"}],"replies":[{"embeddable":true,"href":"https:\/\/oticauba.com.br\/index.php?rest_route=%2Fwp%2Fv2%2Fcomments&post=2769"}],"version-history":[{"count":0,"href":"https:\/\/oticauba.com.br\/index.php?rest_route=\/wp\/v2\/product\/2769\/revisions"}],"wp:featuredmedia":[{"embeddable":true,"href":"https:\/\/oticauba.com.br\/index.php?rest_route=\/wp\/v2\/media\/2774"}],"wp:attachment":[{"href":"https:\/\/oticauba.com.br\/index.php?rest_route=%2Fwp%2Fv2%2Fmedia&parent=2769"}],"wp:term":[{"taxonomy":"product_brand","embeddable":true,"href":"https:\/\/oticauba.com.br\/index.php?rest_route=%2Fwp%2Fv2%2Fproduct_brand&post=2769"},{"taxonomy":"product_cat","embeddable":true,"href":"https:\/\/oticauba.com.br\/index.php?rest_route=%2Fwp%2Fv2%2Fproduct_cat&post=2769"},{"taxonomy":"product_tag","embeddable":true,"href":"https:\/\/oticauba.com.br\/index.php?rest_route=%2Fwp%2Fv2%2Fproduct_tag&post=2769"}],"curies":[{"name":"wp","href":"https:\/\/api.w.org\/{rel}","templated":true}]}}