{"id":2777,"date":"2025-05-26T10:49:38","date_gmt":"2025-05-26T13:49:38","guid":{"rendered":"https:\/\/oticauba.com.br\/?post_type=product&#038;p=2777"},"modified":"2025-05-26T10:49:38","modified_gmt":"2025-05-26T13:49:38","slug":"solar-versace-4471b-108-87","status":"publish","type":"product","link":"https:\/\/oticauba.com.br\/?product=solar-versace-4471b-108-87","title":{"rendered":"SOLAR VERSACE 4471B 108\/87"},"content":{"rendered":"<p>Os \u00f3culos de sol Versace VE4471B 108\/87 s\u00e3o uma pe\u00e7a de luxo que combina eleg\u00e2ncia cl\u00e1ssica com detalhes modernos. Este modelo apresenta uma arma\u00e7\u00e3o em acetato no padr\u00e3o Havana escuro, lentes cinza-escuras s\u00f3lidas e detalhes dourados com o ic\u00f4nico s\u00edmbolo da Medusa nas hastes, caracter\u00edsticos da marca Versace.<\/p>\n<p>\ud83d\udd76\ufe0f Detalhes do Modelo<br \/>\nModelo: VE4471B 108\/87<\/p>\n<p>Formato: Borboleta (Butterfly)<\/p>\n<p>Arma\u00e7\u00e3o: Acetato Havana escuro com detalhes dourados<\/p>\n<p>Lentes: Cinza-escuras s\u00f3lidas (n\u00e3o polarizadas)<\/p>\n<p>Prote\u00e7\u00e3o UV: 100% contra raios UVA e UVB<\/p>\n<p>Dimens\u00f5es:<\/p>\n<p>Largura da lente: 56 mm<\/p>\n<p>Ponte: 16 mm<\/p>\n<p>Haste: 140 mm<\/p>\n<p>G\u00eanero: Feminino<\/p>\n","protected":false},"excerpt":{"rendered":"<p>Os \u00f3culos de sol Versace VE4471B 108\/87 s\u00e3o uma pe\u00e7a de luxo que combina eleg\u00e2ncia cl\u00e1ssica com detalhes modernos. Este [&hellip;]<\/p>\n","protected":false},"featured_media":2780,"comment_status":"open","ping_status":"closed","template":"","meta":{"site-sidebar-layout":"default","site-content-layout":"","ast-site-content-layout":"default","site-content-style":"default","site-sidebar-style":"default","ast-global-header-display":"","ast-banner-title-visibility":"","ast-main-header-display":"","ast-hfb-above-header-display":"","ast-hfb-below-header-display":"","ast-hfb-mobile-header-display":"","site-post-title":"","ast-breadcrumbs-content":"","ast-featured-img":"","footer-sml-layout":"","theme-transparent-header-meta":"","adv-header-id-meta":"","stick-header-meta":"","header-above-stick-meta":"","header-main-stick-meta":"","header-below-stick-meta":"","astra-migrate-meta-layouts":"default","ast-page-background-enabled":"default","ast-page-background-meta":{"desktop":{"background-color":"var(--ast-global-color-4)","background-image":"","background-repeat":"repeat","background-position":"center center","background-size":"auto","background-attachment":"scroll","background-type":"","background-media":"","overlay-type":"","overlay-color":"","overlay-opacity":"","overlay-gradient":""},"tablet":{"background-color":"","background-image":"","background-repeat":"repeat","background-position":"center center","background-size":"auto","background-attachment":"scroll","background-type":"","background-media":"","overlay-type":"","overlay-color":"","overlay-opacity":"","overlay-gradient":""},"mobile":{"background-color":"","background-image":"","background-repeat":"repeat","background-position":"center center","background-size":"auto","background-attachment":"scroll","background-type":"","background-media":"","overlay-type":"","overlay-color":"","overlay-opacity":"","overlay-gradient":""}},"ast-content-background-meta":{"desktop":{"background-color":"var(--ast-global-color-5)","background-image":"","background-repeat":"repeat","background-position":"center center","background-size":"auto","background-attachment":"scroll","background-type":"","background-media":"","overlay-type":"","overlay-color":"","overlay-opacity":"","overlay-gradient":""},"tablet":{"background-color":"var(--ast-global-color-5)","background-image":"","background-repeat":"repeat","background-position":"center center","background-size":"auto","background-attachment":"scroll","background-type":"","background-media":"","overlay-type":"","overlay-color":"","overlay-opacity":"","overlay-gradient":""},"mobile":{"background-color":"var(--ast-global-color-5)","background-image":"","background-repeat":"repeat","background-position":"center center","background-size":"auto","background-attachment":"scroll","background-type":"","background-media":"","overlay-type":"","overlay-color":"","overlay-opacity":"","overlay-gradient":""}}},"product_brand":[],"product_cat":[51],"product_tag":[],"class_list":{"0":"post-2777","1":"product","2":"type-product","3":"status-publish","4":"has-post-thumbnail","6":"product_cat-rayban","7":"desktop-align-left","8":"tablet-align-left","9":"mobile-align-left","11":"first","12":"instock","13":"taxable","14":"shipping-taxable","15":"purchasable","16":"product-type-simple"},"_links":{"self":[{"href":"https:\/\/oticauba.com.br\/index.php?rest_route=\/wp\/v2\/product\/2777","targetHints":{"allow":["GET"]}}],"collection":[{"href":"https:\/\/oticauba.com.br\/index.php?rest_route=\/wp\/v2\/product"}],"about":[{"href":"https:\/\/oticauba.com.br\/index.php?rest_route=\/wp\/v2\/types\/product"}],"replies":[{"embeddable":true,"href":"https:\/\/oticauba.com.br\/index.php?rest_route=%2Fwp%2Fv2%2Fcomments&post=2777"}],"version-history":[{"count":0,"href":"https:\/\/oticauba.com.br\/index.php?rest_route=\/wp\/v2\/product\/2777\/revisions"}],"wp:featuredmedia":[{"embeddable":true,"href":"https:\/\/oticauba.com.br\/index.php?rest_route=\/wp\/v2\/media\/2780"}],"wp:attachment":[{"href":"https:\/\/oticauba.com.br\/index.php?rest_route=%2Fwp%2Fv2%2Fmedia&parent=2777"}],"wp:term":[{"taxonomy":"product_brand","embeddable":true,"href":"https:\/\/oticauba.com.br\/index.php?rest_route=%2Fwp%2Fv2%2Fproduct_brand&post=2777"},{"taxonomy":"product_cat","embeddable":true,"href":"https:\/\/oticauba.com.br\/index.php?rest_route=%2Fwp%2Fv2%2Fproduct_cat&post=2777"},{"taxonomy":"product_tag","embeddable":true,"href":"https:\/\/oticauba.com.br\/index.php?rest_route=%2Fwp%2Fv2%2Fproduct_tag&post=2777"}],"curies":[{"name":"wp","href":"https:\/\/api.w.org\/{rel}","templated":true}]}}