{"id":2784,"date":"2025-05-26T10:58:30","date_gmt":"2025-05-26T13:58:30","guid":{"rendered":"https:\/\/oticauba.com.br\/?post_type=product&#038;p=2784"},"modified":"2025-05-26T10:59:24","modified_gmt":"2025-05-26T13:59:24","slug":"solar-miu-miu-56zs-5ak40d","status":"publish","type":"product","link":"https:\/\/oticauba.com.br\/?product=solar-miu-miu-56zs-5ak40d","title":{"rendered":"SOLAR MIU MIU 56ZS 5AK40D"},"content":{"rendered":"<p>Os \u00f3culos de sol Miu Miu MU 56ZS 5AK40D s\u00e3o uma pe\u00e7a sofisticada e moderna, ideal para quem busca um acess\u00f3rio de luxo com design diferenciado.<\/p>\n<p>\ud83d\udd76\ufe0f Detalhes do Modelo<br \/>\nMarca: Miu Miu<\/p>\n<p>Modelo: MU 56ZS 5AK40D<\/p>\n<p>Formato: Geom\u00e9trico (irregular)<\/p>\n<p>Material da Arma\u00e7\u00e3o: Metal dourado<\/p>\n<p>Cor das Lentes: Laranja claro com espelhado prateado interno<\/p>\n<p>Prote\u00e7\u00e3o UV: 100% contra raios UVA e UVB<\/p>\n<p>Dimens\u00f5es:<\/p>\n<p>Largura da lente: 56 mm<\/p>\n<p>Ponte: 17 mm<\/p>\n<p>Haste: 140 mm<\/p>\n<p>G\u00eanero: Feminino<\/p>\n","protected":false},"excerpt":{"rendered":"<p>Os \u00f3culos de sol Miu Miu MU 56ZS 5AK40D s\u00e3o uma pe\u00e7a sofisticada e moderna, ideal para quem busca um [&hellip;]<\/p>\n","protected":false},"featured_media":2795,"comment_status":"open","ping_status":"closed","template":"","meta":{"site-sidebar-layout":"default","site-content-layout":"","ast-site-content-layout":"default","site-content-style":"default","site-sidebar-style":"default","ast-global-header-display":"","ast-banner-title-visibility":"","ast-main-header-display":"","ast-hfb-above-header-display":"","ast-hfb-below-header-display":"","ast-hfb-mobile-header-display":"","site-post-title":"","ast-breadcrumbs-content":"","ast-featured-img":"","footer-sml-layout":"","theme-transparent-header-meta":"","adv-header-id-meta":"","stick-header-meta":"","header-above-stick-meta":"","header-main-stick-meta":"","header-below-stick-meta":"","astra-migrate-meta-layouts":"default","ast-page-background-enabled":"default","ast-page-background-meta":{"desktop":{"background-color":"var(--ast-global-color-4)","background-image":"","background-repeat":"repeat","background-position":"center center","background-size":"auto","background-attachment":"scroll","background-type":"","background-media":"","overlay-type":"","overlay-color":"","overlay-opacity":"","overlay-gradient":""},"tablet":{"background-color":"","background-image":"","background-repeat":"repeat","background-position":"center center","background-size":"auto","background-attachment":"scroll","background-type":"","background-media":"","overlay-type":"","overlay-color":"","overlay-opacity":"","overlay-gradient":""},"mobile":{"background-color":"","background-image":"","background-repeat":"repeat","background-position":"center center","background-size":"auto","background-attachment":"scroll","background-type":"","background-media":"","overlay-type":"","overlay-color":"","overlay-opacity":"","overlay-gradient":""}},"ast-content-background-meta":{"desktop":{"background-color":"var(--ast-global-color-5)","background-image":"","background-repeat":"repeat","background-position":"center center","background-size":"auto","background-attachment":"scroll","background-type":"","background-media":"","overlay-type":"","overlay-color":"","overlay-opacity":"","overlay-gradient":""},"tablet":{"background-color":"var(--ast-global-color-5)","background-image":"","background-repeat":"repeat","background-position":"center center","background-size":"auto","background-attachment":"scroll","background-type":"","background-media":"","overlay-type":"","overlay-color":"","overlay-opacity":"","overlay-gradient":""},"mobile":{"background-color":"var(--ast-global-color-5)","background-image":"","background-repeat":"repeat","background-position":"center center","background-size":"auto","background-attachment":"scroll","background-type":"","background-media":"","overlay-type":"","overlay-color":"","overlay-opacity":"","overlay-gradient":""}}},"product_brand":[],"product_cat":[54,48],"product_tag":[],"class_list":{"0":"post-2784","1":"product","2":"type-product","3":"status-publish","4":"has-post-thumbnail","6":"product_cat-feminino","7":"product_cat-miumiu","8":"desktop-align-left","9":"tablet-align-left","10":"mobile-align-left","12":"first","13":"instock","14":"taxable","15":"shipping-taxable","16":"purchasable","17":"product-type-simple"},"_links":{"self":[{"href":"https:\/\/oticauba.com.br\/index.php?rest_route=\/wp\/v2\/product\/2784","targetHints":{"allow":["GET"]}}],"collection":[{"href":"https:\/\/oticauba.com.br\/index.php?rest_route=\/wp\/v2\/product"}],"about":[{"href":"https:\/\/oticauba.com.br\/index.php?rest_route=\/wp\/v2\/types\/product"}],"replies":[{"embeddable":true,"href":"https:\/\/oticauba.com.br\/index.php?rest_route=%2Fwp%2Fv2%2Fcomments&post=2784"}],"version-history":[{"count":1,"href":"https:\/\/oticauba.com.br\/index.php?rest_route=\/wp\/v2\/product\/2784\/revisions"}],"predecessor-version":[{"id":2799,"href":"https:\/\/oticauba.com.br\/index.php?rest_route=\/wp\/v2\/product\/2784\/revisions\/2799"}],"wp:featuredmedia":[{"embeddable":true,"href":"https:\/\/oticauba.com.br\/index.php?rest_route=\/wp\/v2\/media\/2795"}],"wp:attachment":[{"href":"https:\/\/oticauba.com.br\/index.php?rest_route=%2Fwp%2Fv2%2Fmedia&parent=2784"}],"wp:term":[{"taxonomy":"product_brand","embeddable":true,"href":"https:\/\/oticauba.com.br\/index.php?rest_route=%2Fwp%2Fv2%2Fproduct_brand&post=2784"},{"taxonomy":"product_cat","embeddable":true,"href":"https:\/\/oticauba.com.br\/index.php?rest_route=%2Fwp%2Fv2%2Fproduct_cat&post=2784"},{"taxonomy":"product_tag","embeddable":true,"href":"https:\/\/oticauba.com.br\/index.php?rest_route=%2Fwp%2Fv2%2Fproduct_tag&post=2784"}],"curies":[{"name":"wp","href":"https:\/\/api.w.org\/{rel}","templated":true}]}}