{"id":2850,"date":"2025-05-26T11:29:53","date_gmt":"2025-05-26T14:29:53","guid":{"rendered":"https:\/\/oticauba.com.br\/?post_type=product&#038;p=2850"},"modified":"2025-05-26T11:29:53","modified_gmt":"2025-05-26T14:29:53","slug":"solar-prada-22zs-1ab5z1","status":"publish","type":"product","link":"https:\/\/oticauba.com.br\/?product=solar-prada-22zs-1ab5z1","title":{"rendered":"SOLAR PRADA 22ZS 1AB5Z1"},"content":{"rendered":"<p>Os \u00f3culos de sol Prada PR 22ZS 1AB5Z1 s\u00e3o uma pe\u00e7a elegante da cole\u00e7\u00e3o Heritage da marca, combinando design moderno com sofistica\u00e7\u00e3o.<\/p>\n<p>\ud83d\udd76\ufe0f Detalhes do Modelo<br \/>\nMarca: Prada<\/p>\n<p>Modelo: PR 22ZS 1AB5Z1<\/p>\n<p>Formato: Quadrado<\/p>\n<p>Material da Arma\u00e7\u00e3o: Acetato preto<\/p>\n<p>Cor das Lentes: Cinza escuro polarizadas<\/p>\n<p>Tipo de Lente: Polarizada<\/p>\n<p>Tamanho da Lente: 53 mm<\/p>\n<p>Ponte: 17 mm<\/p>\n<p>Haste: 145 mm<\/p>\n<p>G\u00eanero: Feminino<\/p>\n","protected":false},"excerpt":{"rendered":"<p>Os \u00f3culos de sol Prada PR 22ZS 1AB5Z1 s\u00e3o uma pe\u00e7a elegante da cole\u00e7\u00e3o Heritage da marca, combinando design moderno [&hellip;]<\/p>\n","protected":false},"featured_media":2857,"comment_status":"open","ping_status":"closed","template":"","meta":{"site-sidebar-layout":"default","site-content-layout":"","ast-site-content-layout":"default","site-content-style":"default","site-sidebar-style":"default","ast-global-header-display":"","ast-banner-title-visibility":"","ast-main-header-display":"","ast-hfb-above-header-display":"","ast-hfb-below-header-display":"","ast-hfb-mobile-header-display":"","site-post-title":"","ast-breadcrumbs-content":"","ast-featured-img":"","footer-sml-layout":"","theme-transparent-header-meta":"","adv-header-id-meta":"","stick-header-meta":"","header-above-stick-meta":"","header-main-stick-meta":"","header-below-stick-meta":"","astra-migrate-meta-layouts":"default","ast-page-background-enabled":"default","ast-page-background-meta":{"desktop":{"background-color":"var(--ast-global-color-4)","background-image":"","background-repeat":"repeat","background-position":"center center","background-size":"auto","background-attachment":"scroll","background-type":"","background-media":"","overlay-type":"","overlay-color":"","overlay-opacity":"","overlay-gradient":""},"tablet":{"background-color":"","background-image":"","background-repeat":"repeat","background-position":"center center","background-size":"auto","background-attachment":"scroll","background-type":"","background-media":"","overlay-type":"","overlay-color":"","overlay-opacity":"","overlay-gradient":""},"mobile":{"background-color":"","background-image":"","background-repeat":"repeat","background-position":"center center","background-size":"auto","background-attachment":"scroll","background-type":"","background-media":"","overlay-type":"","overlay-color":"","overlay-opacity":"","overlay-gradient":""}},"ast-content-background-meta":{"desktop":{"background-color":"var(--ast-global-color-5)","background-image":"","background-repeat":"repeat","background-position":"center center","background-size":"auto","background-attachment":"scroll","background-type":"","background-media":"","overlay-type":"","overlay-color":"","overlay-opacity":"","overlay-gradient":""},"tablet":{"background-color":"var(--ast-global-color-5)","background-image":"","background-repeat":"repeat","background-position":"center center","background-size":"auto","background-attachment":"scroll","background-type":"","background-media":"","overlay-type":"","overlay-color":"","overlay-opacity":"","overlay-gradient":""},"mobile":{"background-color":"var(--ast-global-color-5)","background-image":"","background-repeat":"repeat","background-position":"center center","background-size":"auto","background-attachment":"scroll","background-type":"","background-media":"","overlay-type":"","overlay-color":"","overlay-opacity":"","overlay-gradient":""}}},"product_brand":[],"product_cat":[58,56],"product_tag":[],"class_list":{"0":"post-2850","1":"product","2":"type-product","3":"status-publish","4":"has-post-thumbnail","6":"product_cat-prada","7":"product_cat-todos","8":"desktop-align-left","9":"tablet-align-left","10":"mobile-align-left","12":"first","13":"instock","14":"taxable","15":"shipping-taxable","16":"purchasable","17":"product-type-simple"},"_links":{"self":[{"href":"https:\/\/oticauba.com.br\/index.php?rest_route=\/wp\/v2\/product\/2850","targetHints":{"allow":["GET"]}}],"collection":[{"href":"https:\/\/oticauba.com.br\/index.php?rest_route=\/wp\/v2\/product"}],"about":[{"href":"https:\/\/oticauba.com.br\/index.php?rest_route=\/wp\/v2\/types\/product"}],"replies":[{"embeddable":true,"href":"https:\/\/oticauba.com.br\/index.php?rest_route=%2Fwp%2Fv2%2Fcomments&post=2850"}],"version-history":[{"count":0,"href":"https:\/\/oticauba.com.br\/index.php?rest_route=\/wp\/v2\/product\/2850\/revisions"}],"wp:featuredmedia":[{"embeddable":true,"href":"https:\/\/oticauba.com.br\/index.php?rest_route=\/wp\/v2\/media\/2857"}],"wp:attachment":[{"href":"https:\/\/oticauba.com.br\/index.php?rest_route=%2Fwp%2Fv2%2Fmedia&parent=2850"}],"wp:term":[{"taxonomy":"product_brand","embeddable":true,"href":"https:\/\/oticauba.com.br\/index.php?rest_route=%2Fwp%2Fv2%2Fproduct_brand&post=2850"},{"taxonomy":"product_cat","embeddable":true,"href":"https:\/\/oticauba.com.br\/index.php?rest_route=%2Fwp%2Fv2%2Fproduct_cat&post=2850"},{"taxonomy":"product_tag","embeddable":true,"href":"https:\/\/oticauba.com.br\/index.php?rest_route=%2Fwp%2Fv2%2Fproduct_tag&post=2850"}],"curies":[{"name":"wp","href":"https:\/\/api.w.org\/{rel}","templated":true}]}}