{"id":3094,"date":"2025-05-26T14:56:06","date_gmt":"2025-05-26T17:56:06","guid":{"rendered":"https:\/\/oticauba.com.br\/?post_type=product&#038;p=3094"},"modified":"2025-05-26T14:56:06","modified_gmt":"2025-05-26T17:56:06","slug":"solar-rayban-3548-001-bh-2","status":"publish","type":"product","link":"https:\/\/oticauba.com.br\/?product=solar-rayban-3548-001-bh-2","title":{"rendered":"SOLAR RAYBAN 3548 001\/BH"},"content":{"rendered":"<p>Descubra a eleg\u00e2ncia em cada detalhe.<\/p>\n<p>Este \u00f3culos de luxo \u00e9 uma pe\u00e7a exclusiva, desenvolvida com materiais nobres, acabamento impec\u00e1vel e design atemporal.<\/p>\n<p>Mais do que um acess\u00f3rio, ele traduz sofistica\u00e7\u00e3o, personalidade e cuidado com sua imagem.<\/p>\n<p>Ideal para quem valoriza estilo, conforto e autenticidade, \u00e9 a escolha perfeita para compor um visual refinado.<\/p>\n<p>Compre com seguran\u00e7a em nosso site e receba seu \u00f3culos original com garantia, nota fiscal e embalagem premium.<\/p>\n<p>&nbsp;<\/p>\n<h3 data-start=\"331\" data-end=\"360\">\ud83d\udd0d <strong data-start=\"338\" data-end=\"360\">Descri\u00e7\u00e3o t\u00e9cnica:<\/strong><\/h3>\n<ul data-start=\"362\" data-end=\"899\">\n<li data-start=\"362\" data-end=\"413\">\n<p data-start=\"364\" data-end=\"413\"><strong data-start=\"364\" data-end=\"375\">Modelo:<\/strong> <span class=\"relative -mx-px my-[-0.2rem] rounded px-px py-[0.2rem] transition-colors duration-100 ease-in-out\">Ray-Ban RB3548 001\/BH<\/span><\/p>\n<\/li>\n<li data-start=\"414\" data-end=\"466\">\n<p data-start=\"416\" data-end=\"466\"><strong data-start=\"416\" data-end=\"428\">Arma\u00e7\u00e3o:<\/strong> <span class=\"relative -mx-px my-[-0.2rem] rounded px-px py-[0.2rem] transition-colors duration-100 ease-in-out\">Met\u00e1lica na cor dourado-arista<\/span><\/p>\n<\/li>\n<li data-start=\"467\" data-end=\"518\">\n<p data-start=\"469\" data-end=\"518\"><strong data-start=\"469\" data-end=\"480\">Lentes:<\/strong> Verde G15<span class=\"relative -mx-px my-[-0.2rem] rounded px-px py-[0.2rem] transition-colors duration-100 ease-in-out\">\u00a0(categoria 2)<\/span><\/p>\n<\/li>\n<li data-start=\"519\" data-end=\"573\">\n<p data-start=\"521\" data-end=\"573\"><strong data-start=\"521\" data-end=\"533\">Tamanho:<\/strong> <span class=\"relative -mx-px my-[-0.2rem] rounded px-px py-[0.2rem] transition-colors duration-100 ease-in-out\">Largura da lente: 54mm | Ponte: 21mm | Haste: 145mm<\/span><\/p>\n<\/li>\n<li data-start=\"574\" data-end=\"640\">\n<p data-start=\"576\" data-end=\"640\"><strong data-start=\"576\" data-end=\"600\">Material da arma\u00e7\u00e3o:<\/strong> <span class=\"relative -mx-px my-[-0.2rem] rounded px-px py-[0.2rem] transition-colors duration-100 ease-in-out\">Metal<\/span><\/p>\n<\/li>\n<li data-start=\"641\" data-end=\"707\">\n<p data-start=\"643\" data-end=\"707\"><strong data-start=\"643\" data-end=\"667\">Material das lentes:<\/strong> <span class=\"relative -mx-px my-[-0.2rem] rounded px-px py-[0.2rem] transition-colors duration-100 ease-in-out\">Vidro<\/span><\/p>\n<\/li>\n<li data-start=\"708\" data-end=\"729\">\n<p data-start=\"710\" data-end=\"729\"><strong data-start=\"710\" data-end=\"725\">Polarizado:<\/strong> N\u00e3o<\/p>\n<\/li>\n<li data-start=\"730\" data-end=\"752\">\n<p data-start=\"732\" data-end=\"752\"><strong data-start=\"732\" data-end=\"748\">Prote\u00e7\u00e3o UV:<\/strong> 400<\/p>\n<\/li>\n<li data-start=\"753\" data-end=\"806\">\n<p data-start=\"755\" data-end=\"806\"><strong data-start=\"755\" data-end=\"766\">G\u00eanero:<\/strong> <span class=\"relative -mx-px my-[-0.2rem] rounded px-px py-[0.2rem] transition-colors duration-100 ease-in-out\">Unissex<\/span><\/p>\n<\/li>\n<li data-start=\"807\" data-end=\"899\">\n<p data-start=\"809\" data-end=\"899\"><strong data-start=\"809\" data-end=\"820\">Estilo:<\/strong> <span class=\"relative -mx-px my-[-0.2rem] rounded px-px py-[0.2rem] transition-colors duration-100 ease-in-out\">Formato hexagonal, inspirado nos anos 60, ideal para rostos m\u00e9dios<\/span><\/p>\n<\/li>\n<\/ul>\n","protected":false},"excerpt":{"rendered":"<p>Descubra a eleg\u00e2ncia em cada detalhe. Este \u00f3culos de luxo \u00e9 uma pe\u00e7a exclusiva, desenvolvida com materiais nobres, acabamento impec\u00e1vel [&hellip;]<\/p>\n","protected":false},"featured_media":3095,"comment_status":"open","ping_status":"closed","template":"","meta":{"site-sidebar-layout":"default","site-content-layout":"","ast-site-content-layout":"default","site-content-style":"default","site-sidebar-style":"default","ast-global-header-display":"","ast-banner-title-visibility":"","ast-main-header-display":"","ast-hfb-above-header-display":"","ast-hfb-below-header-display":"","ast-hfb-mobile-header-display":"","site-post-title":"","ast-breadcrumbs-content":"","ast-featured-img":"","footer-sml-layout":"","theme-transparent-header-meta":"","adv-header-id-meta":"","stick-header-meta":"","header-above-stick-meta":"","header-main-stick-meta":"","header-below-stick-meta":"","astra-migrate-meta-layouts":"default","ast-page-background-enabled":"default","ast-page-background-meta":{"desktop":{"background-color":"var(--ast-global-color-4)","background-image":"","background-repeat":"repeat","background-position":"center center","background-size":"auto","background-attachment":"scroll","background-type":"","background-media":"","overlay-type":"","overlay-color":"","overlay-opacity":"","overlay-gradient":""},"tablet":{"background-color":"","background-image":"","background-repeat":"repeat","background-position":"center center","background-size":"auto","background-attachment":"scroll","background-type":"","background-media":"","overlay-type":"","overlay-color":"","overlay-opacity":"","overlay-gradient":""},"mobile":{"background-color":"","background-image":"","background-repeat":"repeat","background-position":"center center","background-size":"auto","background-attachment":"scroll","background-type":"","background-media":"","overlay-type":"","overlay-color":"","overlay-opacity":"","overlay-gradient":""}},"ast-content-background-meta":{"desktop":{"background-color":"var(--ast-global-color-5)","background-image":"","background-repeat":"repeat","background-position":"center center","background-size":"auto","background-attachment":"scroll","background-type":"","background-media":"","overlay-type":"","overlay-color":"","overlay-opacity":"","overlay-gradient":""},"tablet":{"background-color":"var(--ast-global-color-5)","background-image":"","background-repeat":"repeat","background-position":"center center","background-size":"auto","background-attachment":"scroll","background-type":"","background-media":"","overlay-type":"","overlay-color":"","overlay-opacity":"","overlay-gradient":""},"mobile":{"background-color":"var(--ast-global-color-5)","background-image":"","background-repeat":"repeat","background-position":"center center","background-size":"auto","background-attachment":"scroll","background-type":"","background-media":"","overlay-type":"","overlay-color":"","overlay-opacity":"","overlay-gradient":""}}},"product_brand":[],"product_cat":[30,51,56],"product_tag":[],"class_list":{"0":"post-3094","1":"product","2":"type-product","3":"status-publish","4":"has-post-thumbnail","6":"product_cat-classicos","7":"product_cat-rayban","8":"product_cat-todos","9":"desktop-align-left","10":"tablet-align-left","11":"mobile-align-left","13":"first","14":"instock","15":"taxable","16":"shipping-taxable","17":"purchasable","18":"product-type-simple"},"_links":{"self":[{"href":"https:\/\/oticauba.com.br\/index.php?rest_route=\/wp\/v2\/product\/3094","targetHints":{"allow":["GET"]}}],"collection":[{"href":"https:\/\/oticauba.com.br\/index.php?rest_route=\/wp\/v2\/product"}],"about":[{"href":"https:\/\/oticauba.com.br\/index.php?rest_route=\/wp\/v2\/types\/product"}],"replies":[{"embeddable":true,"href":"https:\/\/oticauba.com.br\/index.php?rest_route=%2Fwp%2Fv2%2Fcomments&post=3094"}],"version-history":[{"count":1,"href":"https:\/\/oticauba.com.br\/index.php?rest_route=\/wp\/v2\/product\/3094\/revisions"}],"predecessor-version":[{"id":3105,"href":"https:\/\/oticauba.com.br\/index.php?rest_route=\/wp\/v2\/product\/3094\/revisions\/3105"}],"wp:featuredmedia":[{"embeddable":true,"href":"https:\/\/oticauba.com.br\/index.php?rest_route=\/wp\/v2\/media\/3095"}],"wp:attachment":[{"href":"https:\/\/oticauba.com.br\/index.php?rest_route=%2Fwp%2Fv2%2Fmedia&parent=3094"}],"wp:term":[{"taxonomy":"product_brand","embeddable":true,"href":"https:\/\/oticauba.com.br\/index.php?rest_route=%2Fwp%2Fv2%2Fproduct_brand&post=3094"},{"taxonomy":"product_cat","embeddable":true,"href":"https:\/\/oticauba.com.br\/index.php?rest_route=%2Fwp%2Fv2%2Fproduct_cat&post=3094"},{"taxonomy":"product_tag","embeddable":true,"href":"https:\/\/oticauba.com.br\/index.php?rest_route=%2Fwp%2Fv2%2Fproduct_tag&post=3094"}],"curies":[{"name":"wp","href":"https:\/\/api.w.org\/{rel}","templated":true}]}}