{"id":3223,"date":"2025-05-26T17:14:39","date_gmt":"2025-05-26T20:14:39","guid":{"rendered":"https:\/\/oticauba.com.br\/?post_type=product&#038;p=3223"},"modified":"2025-05-26T17:14:39","modified_gmt":"2025-05-26T20:14:39","slug":"solar-rayban-2140-901","status":"publish","type":"product","link":"https:\/\/oticauba.com.br\/?product=solar-rayban-2140-901","title":{"rendered":"SOLAR RAYBAN 2140 901"},"content":{"rendered":"<p>Descubra a eleg\u00e2ncia em cada detalhe.<\/p>\n<p>Este \u00f3culos de luxo \u00e9 uma pe\u00e7a exclusiva, desenvolvida com materiais nobres, acabamento impec\u00e1vel e design atemporal.<\/p>\n<p>Mais do que um acess\u00f3rio, ele traduz sofistica\u00e7\u00e3o, personalidade e cuidado com sua imagem.<\/p>\n<p>Ideal para quem valoriza estilo, conforto e autenticidade, \u00e9 a escolha perfeita para compor um visual refinado.<\/p>\n<p>Compre com seguran\u00e7a em nosso site e receba seu \u00f3culos original com garantia, nota fiscal e embalagem premium.<\/p>\n<p>&nbsp;<\/p>\n<h3 data-start=\"158\" data-end=\"187\">\ud83d\udd76\ufe0f <strong data-start=\"166\" data-end=\"187\">Detalhes T\u00e9cnicos<\/strong><\/h3>\n<ul data-start=\"189\" data-end=\"819\">\n<li data-start=\"189\" data-end=\"240\">\n<p data-start=\"191\" data-end=\"240\"><strong data-start=\"191\" data-end=\"202\">Modelo:<\/strong> <span class=\"relative -mx-px my-[-0.2rem] rounded px-px py-[0.2rem] transition-colors duration-100 ease-in-out\">RB2140 901<\/span><\/p>\n<\/li>\n<li data-start=\"241\" data-end=\"302\">\n<p data-start=\"243\" data-end=\"302\"><strong data-start=\"243\" data-end=\"262\">Cor da arma\u00e7\u00e3o:<\/strong> <span class=\"relative -mx-px my-[-0.2rem] rounded px-px py-[0.2rem] transition-colors duration-100 ease-in-out\">Preto polido<\/span><\/p>\n<\/li>\n<li data-start=\"303\" data-end=\"369\">\n<p data-start=\"305\" data-end=\"369\"><strong data-start=\"305\" data-end=\"329\">Material da arma\u00e7\u00e3o:<\/strong> <span class=\"relative -mx-px my-[-0.2rem] rounded px-px py-[0.2rem] transition-colors duration-100 ease-in-out\">Acetato<\/span><\/p>\n<\/li>\n<li data-start=\"370\" data-end=\"435\">\n<p data-start=\"372\" data-end=\"435\"><strong data-start=\"372\" data-end=\"395\">Formato da arma\u00e7\u00e3o:<\/strong> <span class=\"relative -mx-px my-[-0.2rem] rounded px-px py-[0.2rem] transition-colors duration-100 ease-in-out\">Quadrado<\/span><\/p>\n<\/li>\n<li data-start=\"436\" data-end=\"497\">\n<p data-start=\"438\" data-end=\"497\"><strong data-start=\"438\" data-end=\"457\">Cor das lentes:<\/strong> <span class=\"relative -mx-px my-[-0.2rem] rounded px-px py-[0.2rem] transition-colors duration-100 ease-in-out\">Verde G-15<\/span><\/p>\n<\/li>\n<li data-start=\"498\" data-end=\"564\">\n<p data-start=\"500\" data-end=\"564\"><strong data-start=\"500\" data-end=\"524\">Material das lentes:<\/strong> <span class=\"relative -mx-px my-[-0.2rem] rounded px-px py-[0.2rem] transition-colors duration-100 ease-in-out\">Vidro mineral<\/span><\/p>\n<\/li>\n<li data-start=\"565\" data-end=\"588\">\n<p data-start=\"567\" data-end=\"588\"><strong data-start=\"567\" data-end=\"583\">Prote\u00e7\u00e3o UV:<\/strong> 100%<\/p>\n<\/li>\n<li data-start=\"589\" data-end=\"726\">\n<p data-start=\"591\" data-end=\"616\"><strong data-start=\"591\" data-end=\"616\">Tamanhos dispon\u00edveis:<\/strong><\/p>\n<ul data-start=\"619\" data-end=\"726\">\n<li data-start=\"674\" data-end=\"726\">\n<p data-start=\"676\" data-end=\"726\"><strong data-start=\"676\" data-end=\"686\">54 mm:<\/strong> <span class=\"relative -mx-px my-[-0.2rem] rounded px-px py-[0.2rem] transition-colors duration-100 ease-in-out\">Ponte de 18 mm e hastes de 150 mm<\/span><\/p>\n<\/li>\n<\/ul>\n<\/li>\n<li data-start=\"727\" data-end=\"819\">\n<p data-start=\"729\" data-end=\"819\"><strong data-start=\"729\" data-end=\"740\">G\u00eanero:<\/strong> <span class=\"relative -mx-px my-[-0.2rem] rounded px-px py-[0.2rem] transition-colors duration-100 ease-in-out\">Unissex<\/span><\/p>\n<\/li>\n<\/ul>\n","protected":false},"excerpt":{"rendered":"<p>Descubra a eleg\u00e2ncia em cada detalhe. Este \u00f3culos de luxo \u00e9 uma pe\u00e7a exclusiva, desenvolvida com materiais nobres, acabamento impec\u00e1vel [&hellip;]<\/p>\n","protected":false},"featured_media":3224,"comment_status":"open","ping_status":"closed","template":"","meta":{"site-sidebar-layout":"default","site-content-layout":"","ast-site-content-layout":"default","site-content-style":"default","site-sidebar-style":"default","ast-global-header-display":"","ast-banner-title-visibility":"","ast-main-header-display":"","ast-hfb-above-header-display":"","ast-hfb-below-header-display":"","ast-hfb-mobile-header-display":"","site-post-title":"","ast-breadcrumbs-content":"","ast-featured-img":"","footer-sml-layout":"","theme-transparent-header-meta":"","adv-header-id-meta":"","stick-header-meta":"","header-above-stick-meta":"","header-main-stick-meta":"","header-below-stick-meta":"","astra-migrate-meta-layouts":"default","ast-page-background-enabled":"default","ast-page-background-meta":{"desktop":{"background-color":"var(--ast-global-color-4)","background-image":"","background-repeat":"repeat","background-position":"center center","background-size":"auto","background-attachment":"scroll","background-type":"","background-media":"","overlay-type":"","overlay-color":"","overlay-opacity":"","overlay-gradient":""},"tablet":{"background-color":"","background-image":"","background-repeat":"repeat","background-position":"center center","background-size":"auto","background-attachment":"scroll","background-type":"","background-media":"","overlay-type":"","overlay-color":"","overlay-opacity":"","overlay-gradient":""},"mobile":{"background-color":"","background-image":"","background-repeat":"repeat","background-position":"center center","background-size":"auto","background-attachment":"scroll","background-type":"","background-media":"","overlay-type":"","overlay-color":"","overlay-opacity":"","overlay-gradient":""}},"ast-content-background-meta":{"desktop":{"background-color":"var(--ast-global-color-5)","background-image":"","background-repeat":"repeat","background-position":"center center","background-size":"auto","background-attachment":"scroll","background-type":"","background-media":"","overlay-type":"","overlay-color":"","overlay-opacity":"","overlay-gradient":""},"tablet":{"background-color":"var(--ast-global-color-5)","background-image":"","background-repeat":"repeat","background-position":"center center","background-size":"auto","background-attachment":"scroll","background-type":"","background-media":"","overlay-type":"","overlay-color":"","overlay-opacity":"","overlay-gradient":""},"mobile":{"background-color":"var(--ast-global-color-5)","background-image":"","background-repeat":"repeat","background-position":"center center","background-size":"auto","background-attachment":"scroll","background-type":"","background-media":"","overlay-type":"","overlay-color":"","overlay-opacity":"","overlay-gradient":""}}},"product_brand":[],"product_cat":[30,51,56],"product_tag":[],"class_list":{"0":"post-3223","1":"product","2":"type-product","3":"status-publish","4":"has-post-thumbnail","6":"product_cat-classicos","7":"product_cat-rayban","8":"product_cat-todos","9":"desktop-align-left","10":"tablet-align-left","11":"mobile-align-left","13":"first","14":"instock","15":"taxable","16":"shipping-taxable","17":"purchasable","18":"product-type-simple"},"_links":{"self":[{"href":"https:\/\/oticauba.com.br\/index.php?rest_route=\/wp\/v2\/product\/3223","targetHints":{"allow":["GET"]}}],"collection":[{"href":"https:\/\/oticauba.com.br\/index.php?rest_route=\/wp\/v2\/product"}],"about":[{"href":"https:\/\/oticauba.com.br\/index.php?rest_route=\/wp\/v2\/types\/product"}],"replies":[{"embeddable":true,"href":"https:\/\/oticauba.com.br\/index.php?rest_route=%2Fwp%2Fv2%2Fcomments&post=3223"}],"version-history":[{"count":0,"href":"https:\/\/oticauba.com.br\/index.php?rest_route=\/wp\/v2\/product\/3223\/revisions"}],"wp:featuredmedia":[{"embeddable":true,"href":"https:\/\/oticauba.com.br\/index.php?rest_route=\/wp\/v2\/media\/3224"}],"wp:attachment":[{"href":"https:\/\/oticauba.com.br\/index.php?rest_route=%2Fwp%2Fv2%2Fmedia&parent=3223"}],"wp:term":[{"taxonomy":"product_brand","embeddable":true,"href":"https:\/\/oticauba.com.br\/index.php?rest_route=%2Fwp%2Fv2%2Fproduct_brand&post=3223"},{"taxonomy":"product_cat","embeddable":true,"href":"https:\/\/oticauba.com.br\/index.php?rest_route=%2Fwp%2Fv2%2Fproduct_cat&post=3223"},{"taxonomy":"product_tag","embeddable":true,"href":"https:\/\/oticauba.com.br\/index.php?rest_route=%2Fwp%2Fv2%2Fproduct_tag&post=3223"}],"curies":[{"name":"wp","href":"https:\/\/api.w.org\/{rel}","templated":true}]}}