{"id":3231,"date":"2025-05-26T17:32:34","date_gmt":"2025-05-26T20:32:34","guid":{"rendered":"https:\/\/oticauba.com.br\/?post_type=product&#038;p=3231"},"modified":"2025-05-26T17:32:34","modified_gmt":"2025-05-26T20:32:34","slug":"armacao-miu-miu-vmu04u-19l","status":"publish","type":"product","link":"https:\/\/oticauba.com.br\/?product=armacao-miu-miu-vmu04u-19l","title":{"rendered":"ARMA\u00c7\u00c3O MIU MIU VMU04U 19L"},"content":{"rendered":"<p>&nbsp;<\/p>\n<h3 data-start=\"121\" data-end=\"172\">Destaques da Arma\u00e7\u00e3o Miu Miu VMU04U 19L-1O1<\/h3>\n<ul data-start=\"174\" data-end=\"625\">\n<li data-start=\"174\" data-end=\"281\">\n<p data-start=\"176\" data-end=\"281\"><strong data-start=\"176\" data-end=\"205\">Design Quadrado Oversized<\/strong>: <span class=\"relative -mx-px my-[-0.2rem] rounded px-px py-[0.2rem] transition-colors duration-100 ease-in-out\">Com linhas marcantes e formato amplo, proporciona um visual audacioso e elegante.<\/span><\/p>\n<\/li>\n<li data-start=\"283\" data-end=\"402\">\n<p data-start=\"285\" data-end=\"402\"><strong data-start=\"285\" data-end=\"322\">Cor Opal Anise (Azul Transl\u00facido)<\/strong>: <span class=\"relative -mx-px my-[-0.2rem] rounded px-px py-[0.2rem] transition-colors duration-100 ease-in-out\">A tonalidade azul clara transl\u00facida oferece um toque de frescor e modernidade ao look.<\/span><\/p>\n<\/li>\n<li data-start=\"404\" data-end=\"516\">\n<p data-start=\"406\" data-end=\"516\"><strong data-start=\"406\" data-end=\"436\">Material de Alta Qualidade<\/strong>: <span class=\"relative -mx-px my-[-0.2rem] rounded px-px py-[0.2rem] transition-colors duration-100 ease-in-out\">Fabricada em acetato premium, garantindo durabilidade e conforto no uso di\u00e1rio.<\/span><\/p>\n<\/li>\n<li data-start=\"518\" data-end=\"625\">\n<p data-start=\"520\" data-end=\"625\"><strong data-start=\"520\" data-end=\"545\">Detalhes Sofisticados<\/strong>: <span class=\"relative -mx-px my-[-0.2rem] rounded px-px py-[0.2rem] transition-colors duration-100 ease-in-out\">Hastes com o logotipo dourado da Miu Miu, adicionando um toque de luxo e exclusividade.<\/span><\/p>\n<\/li>\n<\/ul>\n<hr data-start=\"627\" data-end=\"630\" \/>\n<h3 data-start=\"632\" data-end=\"662\">Especifica\u00e7\u00f5es T\u00e9cnicas<\/h3>\n<ul data-start=\"664\" data-end=\"1364\">\n<li data-start=\"664\" data-end=\"769\">\n<p data-start=\"666\" data-end=\"769\"><strong data-start=\"666\" data-end=\"689\">Material da Arma\u00e7\u00e3o<\/strong>: <span class=\"relative -mx-px my-[-0.2rem] rounded px-px py-[0.2rem] transition-colors duration-100 ease-in-out\">Acetato<\/span><\/p>\n<\/li>\n<li data-start=\"771\" data-end=\"871\">\n<p data-start=\"773\" data-end=\"871\"><strong data-start=\"773\" data-end=\"791\">Cor da Arma\u00e7\u00e3o<\/strong>: <span class=\"relative -mx-px my-[-0.2rem] rounded px-px py-[0.2rem] transition-colors duration-100 ease-in-out\">Opal Anise (Azul Transl\u00facido)<\/span><\/p>\n<\/li>\n<li data-start=\"771\" data-end=\"871\">\n<p data-start=\"773\" data-end=\"871\"><strong data-start=\"875\" data-end=\"895\">Largura da Lente<\/strong>: <span class=\"relative -mx-px my-[-0.2rem] rounded px-px py-[0.2rem] transition-colors duration-100 ease-in-out\">52 mm<\/span><\/p>\n<\/li>\n<li data-start=\"977\" data-end=\"1068\">\n<p data-start=\"979\" data-end=\"1068\"><strong data-start=\"979\" data-end=\"988\">Ponte<\/strong>: <span class=\"relative -mx-px my-[-0.2rem] rounded px-px py-[0.2rem] transition-colors duration-100 ease-in-out\">19 mm<\/span><\/p>\n<\/li>\n<li data-start=\"1070\" data-end=\"1176\">\n<p data-start=\"1072\" data-end=\"1176\"><strong data-start=\"1072\" data-end=\"1096\">Comprimento da Haste<\/strong>: <span class=\"relative -mx-px my-[-0.2rem] rounded px-px py-[0.2rem] transition-colors duration-100 ease-in-out\">135 mm<\/span><\/p>\n<\/li>\n<li data-start=\"1178\" data-end=\"1270\">\n<p data-start=\"1180\" data-end=\"1270\"><strong data-start=\"1180\" data-end=\"1190\">G\u00eanero<\/strong>: <span class=\"relative -mx-px my-[-0.2rem] rounded px-px py-[0.2rem] transition-colors duration-100 ease-in-out\">Feminino<\/span><\/p>\n<\/li>\n<li data-start=\"1272\" data-end=\"1364\">\n<p data-start=\"1274\" data-end=\"1364\"><strong data-start=\"1274\" data-end=\"1284\">Lentes<\/strong>: <span class=\"relative -mx-px my-[-0.2rem] rounded px-px py-[0.2rem] transition-colors duration-100 ease-in-out\">Demonstra\u00e7\u00e3o (necessitam ser substitu\u00eddas por lentes de prescri\u00e7\u00e3o)<\/span><\/p>\n<\/li>\n<\/ul>\n","protected":false},"excerpt":{"rendered":"<p>&nbsp; Destaques da Arma\u00e7\u00e3o Miu Miu VMU04U 19L-1O1 Design Quadrado Oversized: Com linhas marcantes e formato amplo, proporciona um visual [&hellip;]<\/p>\n","protected":false},"featured_media":3245,"comment_status":"open","ping_status":"closed","template":"","meta":{"site-sidebar-layout":"default","site-content-layout":"","ast-site-content-layout":"default","site-content-style":"default","site-sidebar-style":"default","ast-global-header-display":"","ast-banner-title-visibility":"","ast-main-header-display":"","ast-hfb-above-header-display":"","ast-hfb-below-header-display":"","ast-hfb-mobile-header-display":"","site-post-title":"","ast-breadcrumbs-content":"","ast-featured-img":"","footer-sml-layout":"","theme-transparent-header-meta":"","adv-header-id-meta":"","stick-header-meta":"","header-above-stick-meta":"","header-main-stick-meta":"","header-below-stick-meta":"","astra-migrate-meta-layouts":"default","ast-page-background-enabled":"default","ast-page-background-meta":{"desktop":{"background-color":"var(--ast-global-color-4)","background-image":"","background-repeat":"repeat","background-position":"center center","background-size":"auto","background-attachment":"scroll","background-type":"","background-media":"","overlay-type":"","overlay-color":"","overlay-opacity":"","overlay-gradient":""},"tablet":{"background-color":"","background-image":"","background-repeat":"repeat","background-position":"center center","background-size":"auto","background-attachment":"scroll","background-type":"","background-media":"","overlay-type":"","overlay-color":"","overlay-opacity":"","overlay-gradient":""},"mobile":{"background-color":"","background-image":"","background-repeat":"repeat","background-position":"center center","background-size":"auto","background-attachment":"scroll","background-type":"","background-media":"","overlay-type":"","overlay-color":"","overlay-opacity":"","overlay-gradient":""}},"ast-content-background-meta":{"desktop":{"background-color":"var(--ast-global-color-5)","background-image":"","background-repeat":"repeat","background-position":"center center","background-size":"auto","background-attachment":"scroll","background-type":"","background-media":"","overlay-type":"","overlay-color":"","overlay-opacity":"","overlay-gradient":""},"tablet":{"background-color":"var(--ast-global-color-5)","background-image":"","background-repeat":"repeat","background-position":"center center","background-size":"auto","background-attachment":"scroll","background-type":"","background-media":"","overlay-type":"","overlay-color":"","overlay-opacity":"","overlay-gradient":""},"mobile":{"background-color":"var(--ast-global-color-5)","background-image":"","background-repeat":"repeat","background-position":"center center","background-size":"auto","background-attachment":"scroll","background-type":"","background-media":"","overlay-type":"","overlay-color":"","overlay-opacity":"","overlay-gradient":""}}},"product_brand":[],"product_cat":[64,54,48,73,71],"product_tag":[],"class_list":{"0":"post-3231","1":"product","2":"type-product","3":"status-publish","4":"has-post-thumbnail","6":"product_cat-fashion","7":"product_cat-feminino","8":"product_cat-miumiu","9":"product_cat-novidades","10":"product_cat-receituario","11":"desktop-align-left","12":"tablet-align-left","13":"mobile-align-left","15":"first","16":"instock","17":"taxable","18":"shipping-taxable","19":"purchasable","20":"product-type-simple"},"_links":{"self":[{"href":"https:\/\/oticauba.com.br\/index.php?rest_route=\/wp\/v2\/product\/3231","targetHints":{"allow":["GET"]}}],"collection":[{"href":"https:\/\/oticauba.com.br\/index.php?rest_route=\/wp\/v2\/product"}],"about":[{"href":"https:\/\/oticauba.com.br\/index.php?rest_route=\/wp\/v2\/types\/product"}],"replies":[{"embeddable":true,"href":"https:\/\/oticauba.com.br\/index.php?rest_route=%2Fwp%2Fv2%2Fcomments&post=3231"}],"version-history":[{"count":0,"href":"https:\/\/oticauba.com.br\/index.php?rest_route=\/wp\/v2\/product\/3231\/revisions"}],"wp:featuredmedia":[{"embeddable":true,"href":"https:\/\/oticauba.com.br\/index.php?rest_route=\/wp\/v2\/media\/3245"}],"wp:attachment":[{"href":"https:\/\/oticauba.com.br\/index.php?rest_route=%2Fwp%2Fv2%2Fmedia&parent=3231"}],"wp:term":[{"taxonomy":"product_brand","embeddable":true,"href":"https:\/\/oticauba.com.br\/index.php?rest_route=%2Fwp%2Fv2%2Fproduct_brand&post=3231"},{"taxonomy":"product_cat","embeddable":true,"href":"https:\/\/oticauba.com.br\/index.php?rest_route=%2Fwp%2Fv2%2Fproduct_cat&post=3231"},{"taxonomy":"product_tag","embeddable":true,"href":"https:\/\/oticauba.com.br\/index.php?rest_route=%2Fwp%2Fv2%2Fproduct_tag&post=3231"}],"curies":[{"name":"wp","href":"https:\/\/api.w.org\/{rel}","templated":true}]}}