{"id":3250,"date":"2025-05-26T17:37:29","date_gmt":"2025-05-26T20:37:29","guid":{"rendered":"https:\/\/oticauba.com.br\/?post_type=product&#038;p=3250"},"modified":"2025-05-26T17:37:29","modified_gmt":"2025-05-26T20:37:29","slug":"armacao-miu-miu-vmu-01v-2az-1o1","status":"publish","type":"product","link":"https:\/\/oticauba.com.br\/?product=armacao-miu-miu-vmu-01v-2az-1o1","title":{"rendered":"ARMA\u00c7\u00c3O MIU MIU VMU 01V 2AZ-1O1"},"content":{"rendered":"<h3 data-start=\"121\" data-end=\"172\">Destaques da Arma\u00e7\u00e3o Miu Miu VMU01V 2AZ-1O1<\/h3>\n<ul data-start=\"174\" data-end=\"615\">\n<li data-start=\"174\" data-end=\"284\">\n<p data-start=\"176\" data-end=\"284\"><strong data-start=\"176\" data-end=\"208\">Design Gatinho Contempor\u00e2neo<\/strong>: <span class=\"relative -mx-px my-[-0.2rem] rounded px-px py-[0.2rem] transition-colors duration-100 ease-in-out\">Com linhas suaves e formato cat-eye, valoriza tra\u00e7os femininos e adiciona um toque de ousadia ao visual.<\/span><\/p>\n<\/li>\n<li data-start=\"286\" data-end=\"394\">\n<p data-start=\"288\" data-end=\"394\"><strong data-start=\"288\" data-end=\"314\">Acabamento Transl\u00facido<\/strong>: <span class=\"relative -mx-px my-[-0.2rem] rounded px-px py-[0.2rem] transition-colors duration-100 ease-in-out\">A cor transparente com detalhes dourados nas hastes confere leveza e sofistica\u00e7\u00e3o, combinando facilmente com diversos estilos.<\/span><\/p>\n<\/li>\n<li data-start=\"396\" data-end=\"508\">\n<p data-start=\"398\" data-end=\"508\"><strong data-start=\"398\" data-end=\"428\">Material de Alta Qualidade<\/strong>: <span class=\"relative -mx-px my-[-0.2rem] rounded px-px py-[0.2rem] transition-colors duration-100 ease-in-out\">Fabricada em acetato premium, proporciona durabilidade e conforto para o uso di\u00e1rio.<\/span><\/p>\n<\/li>\n<li data-start=\"510\" data-end=\"615\">\n<p data-start=\"512\" data-end=\"615\"><strong data-start=\"512\" data-end=\"535\">Detalhes Exclusivos<\/strong>: <span class=\"relative -mx-px my-[-0.2rem] rounded px-px py-[0.2rem] transition-colors duration-100 ease-in-out\">O logotipo dourado da Miu Miu nas hastes adiciona um toque de luxo e autenticidade \u00e0 pe\u00e7a.<\/span><\/p>\n<\/li>\n<\/ul>\n<hr data-start=\"617\" data-end=\"620\" \/>\n<h3 data-start=\"622\" data-end=\"652\">\ud83d\udccf Especifica\u00e7\u00f5es T\u00e9cnicas<\/h3>\n<ul data-start=\"654\" data-end=\"1355\">\n<li data-start=\"654\" data-end=\"759\">\n<p data-start=\"656\" data-end=\"759\"><strong data-start=\"656\" data-end=\"679\">Material da Arma\u00e7\u00e3o<\/strong>: <span class=\"relative -mx-px my-[-0.2rem] rounded px-px py-[0.2rem] transition-colors duration-100 ease-in-out\">Acetato<\/span><\/p>\n<\/li>\n<li data-start=\"761\" data-end=\"861\">\n<p data-start=\"763\" data-end=\"861\"><strong data-start=\"763\" data-end=\"781\">Cor da Arma\u00e7\u00e3o<\/strong>: <span class=\"relative -mx-px my-[-0.2rem] rounded px-px py-[0.2rem] transition-colors duration-100 ease-in-out\">Transparente com detalhes dourados<\/span><\/p>\n<\/li>\n<li data-start=\"863\" data-end=\"965\">\n<p data-start=\"865\" data-end=\"965\"><strong data-start=\"865\" data-end=\"885\">Largura da Lente<\/strong>: <span class=\"relative -mx-px my-[-0.2rem] rounded px-px py-[0.2rem] transition-colors duration-100 ease-in-out\">52 mm<\/span><\/p>\n<\/li>\n<li data-start=\"967\" data-end=\"1058\">\n<p data-start=\"969\" data-end=\"1058\"><strong data-start=\"969\" data-end=\"978\">Ponte<\/strong>: <span class=\"relative -mx-px my-[-0.2rem] rounded px-px py-[0.2rem] transition-colors duration-100 ease-in-out\">21 mm<\/span><\/p>\n<\/li>\n<li data-start=\"1060\" data-end=\"1166\">\n<p data-start=\"1062\" data-end=\"1166\"><strong data-start=\"1062\" data-end=\"1086\">Comprimento da Haste<\/strong>: <span class=\"relative -mx-px my-[-0.2rem] rounded px-px py-[0.2rem] transition-colors duration-100 ease-in-out\">135 mm<\/span><\/p>\n<\/li>\n<li data-start=\"1168\" data-end=\"1261\">\n<p data-start=\"1170\" data-end=\"1261\"><strong data-start=\"1170\" data-end=\"1181\">Formato<\/strong>: <span class=\"relative -mx-px my-[-0.2rem] rounded px-px py-[0.2rem] transition-colors duration-100 ease-in-out\">Gatinho (Cat-Eye)<\/span><\/p>\n<\/li>\n<li data-start=\"1263\" data-end=\"1355\">\n<p data-start=\"1265\" data-end=\"1355\"><strong data-start=\"1265\" data-end=\"1275\">G\u00eanero<\/strong>: <span class=\"relative -mx-px my-[-0.2rem] rounded px-px py-[0.2rem] transition-colors duration-100 ease-in-out\">Feminino<\/span><\/p>\n<\/li>\n<\/ul>\n","protected":false},"excerpt":{"rendered":"<p>Destaques da Arma\u00e7\u00e3o Miu Miu VMU01V 2AZ-1O1 Design Gatinho Contempor\u00e2neo: Com linhas suaves e formato cat-eye, valoriza tra\u00e7os femininos e [&hellip;]<\/p>\n","protected":false},"featured_media":3253,"comment_status":"open","ping_status":"closed","template":"","meta":{"site-sidebar-layout":"default","site-content-layout":"","ast-site-content-layout":"default","site-content-style":"default","site-sidebar-style":"default","ast-global-header-display":"","ast-banner-title-visibility":"","ast-main-header-display":"","ast-hfb-above-header-display":"","ast-hfb-below-header-display":"","ast-hfb-mobile-header-display":"","site-post-title":"","ast-breadcrumbs-content":"","ast-featured-img":"","footer-sml-layout":"","theme-transparent-header-meta":"","adv-header-id-meta":"","stick-header-meta":"","header-above-stick-meta":"","header-main-stick-meta":"","header-below-stick-meta":"","astra-migrate-meta-layouts":"default","ast-page-background-enabled":"default","ast-page-background-meta":{"desktop":{"background-color":"var(--ast-global-color-4)","background-image":"","background-repeat":"repeat","background-position":"center center","background-size":"auto","background-attachment":"scroll","background-type":"","background-media":"","overlay-type":"","overlay-color":"","overlay-opacity":"","overlay-gradient":""},"tablet":{"background-color":"","background-image":"","background-repeat":"repeat","background-position":"center center","background-size":"auto","background-attachment":"scroll","background-type":"","background-media":"","overlay-type":"","overlay-color":"","overlay-opacity":"","overlay-gradient":""},"mobile":{"background-color":"","background-image":"","background-repeat":"repeat","background-position":"center center","background-size":"auto","background-attachment":"scroll","background-type":"","background-media":"","overlay-type":"","overlay-color":"","overlay-opacity":"","overlay-gradient":""}},"ast-content-background-meta":{"desktop":{"background-color":"var(--ast-global-color-5)","background-image":"","background-repeat":"repeat","background-position":"center center","background-size":"auto","background-attachment":"scroll","background-type":"","background-media":"","overlay-type":"","overlay-color":"","overlay-opacity":"","overlay-gradient":""},"tablet":{"background-color":"var(--ast-global-color-5)","background-image":"","background-repeat":"repeat","background-position":"center center","background-size":"auto","background-attachment":"scroll","background-type":"","background-media":"","overlay-type":"","overlay-color":"","overlay-opacity":"","overlay-gradient":""},"mobile":{"background-color":"var(--ast-global-color-5)","background-image":"","background-repeat":"repeat","background-position":"center center","background-size":"auto","background-attachment":"scroll","background-type":"","background-media":"","overlay-type":"","overlay-color":"","overlay-opacity":"","overlay-gradient":""}}},"product_brand":[],"product_cat":[54,48,73,71],"product_tag":[],"class_list":{"0":"post-3250","1":"product","2":"type-product","3":"status-publish","4":"has-post-thumbnail","6":"product_cat-feminino","7":"product_cat-miumiu","8":"product_cat-novidades","9":"product_cat-receituario","10":"desktop-align-left","11":"tablet-align-left","12":"mobile-align-left","14":"first","15":"instock","16":"taxable","17":"shipping-taxable","18":"purchasable","19":"product-type-simple"},"_links":{"self":[{"href":"https:\/\/oticauba.com.br\/index.php?rest_route=\/wp\/v2\/product\/3250","targetHints":{"allow":["GET"]}}],"collection":[{"href":"https:\/\/oticauba.com.br\/index.php?rest_route=\/wp\/v2\/product"}],"about":[{"href":"https:\/\/oticauba.com.br\/index.php?rest_route=\/wp\/v2\/types\/product"}],"replies":[{"embeddable":true,"href":"https:\/\/oticauba.com.br\/index.php?rest_route=%2Fwp%2Fv2%2Fcomments&post=3250"}],"version-history":[{"count":0,"href":"https:\/\/oticauba.com.br\/index.php?rest_route=\/wp\/v2\/product\/3250\/revisions"}],"wp:featuredmedia":[{"embeddable":true,"href":"https:\/\/oticauba.com.br\/index.php?rest_route=\/wp\/v2\/media\/3253"}],"wp:attachment":[{"href":"https:\/\/oticauba.com.br\/index.php?rest_route=%2Fwp%2Fv2%2Fmedia&parent=3250"}],"wp:term":[{"taxonomy":"product_brand","embeddable":true,"href":"https:\/\/oticauba.com.br\/index.php?rest_route=%2Fwp%2Fv2%2Fproduct_brand&post=3250"},{"taxonomy":"product_cat","embeddable":true,"href":"https:\/\/oticauba.com.br\/index.php?rest_route=%2Fwp%2Fv2%2Fproduct_cat&post=3250"},{"taxonomy":"product_tag","embeddable":true,"href":"https:\/\/oticauba.com.br\/index.php?rest_route=%2Fwp%2Fv2%2Fproduct_tag&post=3250"}],"curies":[{"name":"wp","href":"https:\/\/api.w.org\/{rel}","templated":true}]}}