{"id":3291,"date":"2025-05-26T18:00:13","date_gmt":"2025-05-26T21:00:13","guid":{"rendered":"https:\/\/oticauba.com.br\/?post_type=product&#038;p=3291"},"modified":"2025-05-26T18:00:13","modified_gmt":"2025-05-26T21:00:13","slug":"armacao-miu-miu-vmu02x-11t-1o1","status":"publish","type":"product","link":"https:\/\/oticauba.com.br\/?product=armacao-miu-miu-vmu02x-11t-1o1","title":{"rendered":"ARMA\u00c7\u00c3O MIU MIU VMU02X 11T 1O1"},"content":{"rendered":"<h3 data-start=\"121\" data-end=\"172\">Destaques da Arma\u00e7\u00e3o Miu Miu VMU02X 11T-1O1<\/h3>\n<ul data-start=\"174\" data-end=\"629\">\n<li data-start=\"174\" data-end=\"281\">\n<p data-start=\"176\" data-end=\"281\"><strong data-start=\"176\" data-end=\"205\">Design Retangular Moderno<\/strong>: <span class=\"relative -mx-px my-[-0.2rem] rounded px-px py-[0.2rem] transition-colors duration-100 ease-in-out\">Formato que valoriza tra\u00e7os femininos, proporcionando um visual elegante e atemporal.<\/span><\/p>\n<\/li>\n<li data-start=\"283\" data-end=\"406\">\n<p data-start=\"285\" data-end=\"406\"><strong data-start=\"285\" data-end=\"326\">Cor Transparente Areia (Sand Crystal)<\/strong>: <span class=\"relative -mx-px my-[-0.2rem] rounded px-px py-[0.2rem] transition-colors duration-100 ease-in-out\">Tonalidade transl\u00facida que adiciona leveza e sofistica\u00e7\u00e3o ao look.<\/span><\/p>\n<\/li>\n<li data-start=\"408\" data-end=\"520\">\n<p data-start=\"410\" data-end=\"520\"><strong data-start=\"410\" data-end=\"440\">Material de Alta Qualidade<\/strong>: <span class=\"relative -mx-px my-[-0.2rem] rounded px-px py-[0.2rem] transition-colors duration-100 ease-in-out\">Fabricada em acetato, garantindo durabilidade e conforto para uso prolongado.<\/span><\/p>\n<\/li>\n<li data-start=\"522\" data-end=\"629\">\n<p data-start=\"524\" data-end=\"629\"><strong data-start=\"524\" data-end=\"549\">Detalhes Sofisticados<\/strong>: <span class=\"relative -mx-px my-[-0.2rem] rounded px-px py-[0.2rem] transition-colors duration-100 ease-in-out\">Hastes com o logotipo dourado da Miu Miu, adicionando um toque de luxo e exclusividade.<\/span><\/p>\n<\/li>\n<\/ul>\n<hr data-start=\"631\" data-end=\"634\" \/>\n<h3 data-start=\"636\" data-end=\"666\">\ud83d\udccf Especifica\u00e7\u00f5es T\u00e9cnicas<\/h3>\n<ul data-start=\"668\" data-end=\"1368\">\n<li data-start=\"668\" data-end=\"773\">\n<p data-start=\"670\" data-end=\"773\"><strong data-start=\"670\" data-end=\"693\">Material da Arma\u00e7\u00e3o<\/strong>: <span class=\"relative -mx-px my-[-0.2rem] rounded px-px py-[0.2rem] transition-colors duration-100 ease-in-out\">Acetato<\/span><\/p>\n<\/li>\n<li data-start=\"775\" data-end=\"875\">\n<p data-start=\"777\" data-end=\"875\"><strong data-start=\"777\" data-end=\"795\">Cor da Arma\u00e7\u00e3o<\/strong>: <span class=\"relative -mx-px my-[-0.2rem] rounded px-px py-[0.2rem] transition-colors duration-100 ease-in-out\">Transparente Areia (Sand Crystal)<\/span><\/p>\n<\/li>\n<li data-start=\"877\" data-end=\"979\">\n<p data-start=\"879\" data-end=\"979\"><strong data-start=\"879\" data-end=\"899\">Largura da Lente<\/strong>: <span class=\"relative -mx-px my-[-0.2rem] rounded px-px py-[0.2rem] transition-colors duration-100 ease-in-out\">54 mm<\/span><\/p>\n<\/li>\n<li data-start=\"981\" data-end=\"1072\">\n<p data-start=\"983\" data-end=\"1072\"><strong data-start=\"983\" data-end=\"992\">Ponte<\/strong>: <span class=\"relative -mx-px my-[-0.2rem] rounded px-px py-[0.2rem] transition-colors duration-100 ease-in-out\">17 mm<\/span><\/p>\n<\/li>\n<li data-start=\"1074\" data-end=\"1180\">\n<p data-start=\"1076\" data-end=\"1180\"><strong data-start=\"1076\" data-end=\"1100\">Comprimento da Haste<\/strong>: <span class=\"relative -mx-px my-[-0.2rem] rounded px-px py-[0.2rem] transition-colors duration-100 ease-in-out\">140 mm<\/span><\/p>\n<\/li>\n<li data-start=\"1182\" data-end=\"1274\">\n<p data-start=\"1184\" data-end=\"1274\"><strong data-start=\"1184\" data-end=\"1194\">G\u00eanero<\/strong>: <span class=\"relative -mx-px my-[-0.2rem] rounded px-px py-[0.2rem] transition-colors duration-100 ease-in-out\">Feminino<\/span><\/p>\n<\/li>\n<li data-start=\"1276\" data-end=\"1368\">\n<p data-start=\"1278\" data-end=\"1368\"><strong data-start=\"1278\" data-end=\"1288\">Lentes<\/strong>: <span class=\"relative -mx-px my-[-0.2rem] rounded px-px py-[0.2rem] bg-[#FCECC1] dark:bg-[#64572A] transition-colors duration-100 ease-in-out\">Demonstra\u00e7\u00e3o (necessitam ser substitu\u00eddas por lentes de prescri\u00e7\u00e3o)<\/span><\/p>\n<\/li>\n<\/ul>\n","protected":false},"excerpt":{"rendered":"<p>Destaques da Arma\u00e7\u00e3o Miu Miu VMU02X 11T-1O1 Design Retangular Moderno: Formato que valoriza tra\u00e7os femininos, proporcionando um visual elegante e [&hellip;]<\/p>\n","protected":false},"featured_media":3295,"comment_status":"open","ping_status":"closed","template":"","meta":{"site-sidebar-layout":"default","site-content-layout":"","ast-site-content-layout":"default","site-content-style":"default","site-sidebar-style":"default","ast-global-header-display":"","ast-banner-title-visibility":"","ast-main-header-display":"","ast-hfb-above-header-display":"","ast-hfb-below-header-display":"","ast-hfb-mobile-header-display":"","site-post-title":"","ast-breadcrumbs-content":"","ast-featured-img":"","footer-sml-layout":"","theme-transparent-header-meta":"","adv-header-id-meta":"","stick-header-meta":"","header-above-stick-meta":"","header-main-stick-meta":"","header-below-stick-meta":"","astra-migrate-meta-layouts":"default","ast-page-background-enabled":"default","ast-page-background-meta":{"desktop":{"background-color":"var(--ast-global-color-4)","background-image":"","background-repeat":"repeat","background-position":"center center","background-size":"auto","background-attachment":"scroll","background-type":"","background-media":"","overlay-type":"","overlay-color":"","overlay-opacity":"","overlay-gradient":""},"tablet":{"background-color":"","background-image":"","background-repeat":"repeat","background-position":"center center","background-size":"auto","background-attachment":"scroll","background-type":"","background-media":"","overlay-type":"","overlay-color":"","overlay-opacity":"","overlay-gradient":""},"mobile":{"background-color":"","background-image":"","background-repeat":"repeat","background-position":"center center","background-size":"auto","background-attachment":"scroll","background-type":"","background-media":"","overlay-type":"","overlay-color":"","overlay-opacity":"","overlay-gradient":""}},"ast-content-background-meta":{"desktop":{"background-color":"var(--ast-global-color-5)","background-image":"","background-repeat":"repeat","background-position":"center center","background-size":"auto","background-attachment":"scroll","background-type":"","background-media":"","overlay-type":"","overlay-color":"","overlay-opacity":"","overlay-gradient":""},"tablet":{"background-color":"var(--ast-global-color-5)","background-image":"","background-repeat":"repeat","background-position":"center center","background-size":"auto","background-attachment":"scroll","background-type":"","background-media":"","overlay-type":"","overlay-color":"","overlay-opacity":"","overlay-gradient":""},"mobile":{"background-color":"var(--ast-global-color-5)","background-image":"","background-repeat":"repeat","background-position":"center center","background-size":"auto","background-attachment":"scroll","background-type":"","background-media":"","overlay-type":"","overlay-color":"","overlay-opacity":"","overlay-gradient":""}}},"product_brand":[],"product_cat":[51],"product_tag":[],"class_list":{"0":"post-3291","1":"product","2":"type-product","3":"status-publish","4":"has-post-thumbnail","6":"product_cat-rayban","7":"desktop-align-left","8":"tablet-align-left","9":"mobile-align-left","11":"first","12":"instock","13":"taxable","14":"shipping-taxable","15":"purchasable","16":"product-type-simple"},"_links":{"self":[{"href":"https:\/\/oticauba.com.br\/index.php?rest_route=\/wp\/v2\/product\/3291","targetHints":{"allow":["GET"]}}],"collection":[{"href":"https:\/\/oticauba.com.br\/index.php?rest_route=\/wp\/v2\/product"}],"about":[{"href":"https:\/\/oticauba.com.br\/index.php?rest_route=\/wp\/v2\/types\/product"}],"replies":[{"embeddable":true,"href":"https:\/\/oticauba.com.br\/index.php?rest_route=%2Fwp%2Fv2%2Fcomments&post=3291"}],"version-history":[{"count":0,"href":"https:\/\/oticauba.com.br\/index.php?rest_route=\/wp\/v2\/product\/3291\/revisions"}],"wp:featuredmedia":[{"embeddable":true,"href":"https:\/\/oticauba.com.br\/index.php?rest_route=\/wp\/v2\/media\/3295"}],"wp:attachment":[{"href":"https:\/\/oticauba.com.br\/index.php?rest_route=%2Fwp%2Fv2%2Fmedia&parent=3291"}],"wp:term":[{"taxonomy":"product_brand","embeddable":true,"href":"https:\/\/oticauba.com.br\/index.php?rest_route=%2Fwp%2Fv2%2Fproduct_brand&post=3291"},{"taxonomy":"product_cat","embeddable":true,"href":"https:\/\/oticauba.com.br\/index.php?rest_route=%2Fwp%2Fv2%2Fproduct_cat&post=3291"},{"taxonomy":"product_tag","embeddable":true,"href":"https:\/\/oticauba.com.br\/index.php?rest_route=%2Fwp%2Fv2%2Fproduct_tag&post=3291"}],"curies":[{"name":"wp","href":"https:\/\/api.w.org\/{rel}","templated":true}]}}